{"id":403,"date":"2017-09-04T10:26:23","date_gmt":"2017-09-04T08:26:23","guid":{"rendered":"http:\/\/www.photos.lerault.fr\/?page_id=403"},"modified":"2017-09-12T11:19:47","modified_gmt":"2017-09-12T09:19:47","slug":"nicolas-photographie-page","status":"publish","type":"page","link":"https:\/\/www.photos.lerault.fr\/index.php\/nicolas-photographie-page\/","title":{"rendered":"Nicolas photographie"},"content":{"rendered":"<p><a href=\"https:\/\/www.photos.lerault.fr\/wp-content\/uploads\/2016\/11\/IMG_0004-1.jpg\" data-rel=\"lightbox-gallery-J6ZNf3T7\" data-rl_title=\"\" data-rl_caption=\"\" title=\"\"><img loading=\"lazy\" decoding=\"async\" class=\"alignleft wp-image-92 size-thumbnail\" src=\"https:\/\/www.photos.lerault.fr\/wp-content\/uploads\/2016\/11\/IMG_0004-1-150x150.jpg\" alt=\"img_0004\" width=\"150\" height=\"150\" \/><\/a>Que ce soit pour figer l&rsquo;instant dans un \u00e9clair de lumi\u00e8re, ou pour conserver\u00a0un souvenir vou\u00e9 \u00e0 l&rsquo;oubli, l&rsquo;image est l\u00e0 pour t\u00e9moigner, rendre compte et jouer ce r\u00f4le de m\u00e9moire.<\/p>\n<p><!--more-->Tr\u00e8s attir\u00e9 par la photographie de rue, par l&rsquo;id\u00e9e de capturer la spontan\u00e9it\u00e9, les impressions, les \u00e9motions, autant de dimensions que rien ne permet de m\u00e9moriser, la photographie offre cependant un possible pour exprimer ces \u00e9motions, cette humanit\u00e9 indicible. En compl\u00e9ment, elle satisfait au besoin cr\u00e9atif par son esth\u00e9tique, en produisant un \u00e9clair de beaut\u00e9 qui charme notre regard.<\/p>\n<p>Les photographes qui m&rsquo;inspirent sont ceux qui ont su restituer par l&rsquo;image des \u00e9motions, ou choses que les mots parfois peinent \u00e0 dire (Robert Doisneau, Willy Ronis, Sebastao Salgado, Eliott Erwitt, et bien d&rsquo;autres anonymes sur la toile)<\/p>\n<p><a href=\"https:\/\/www.photos.lerault.fr\/index.php\/a-propos\/\">En savoir plus&#8230;<\/a><\/p>\n","protected":false},"excerpt":{"rendered":"<p>Que ce soit pour figer l&rsquo;instant dans un \u00e9clair de lumi\u00e8re, ou pour conserver\u00a0un souvenir vou\u00e9 \u00e0 l&rsquo;oubli, l&rsquo;image est l\u00e0 pour t\u00e9moigner, rendre compte et jouer ce r\u00f4le de m\u00e9moire.<\/p>\n","protected":false},"author":1,"featured_media":0,"parent":0,"menu_order":0,"comment_status":"closed","ping_status":"closed","template":"","meta":{"footnotes":""},"class_list":["post-403","page","type-page","status-publish","hentry"],"_links":{"self":[{"href":"https:\/\/www.photos.lerault.fr\/index.php\/wp-json\/wp\/v2\/pages\/403","targetHints":{"allow":["GET"]}}],"collection":[{"href":"https:\/\/www.photos.lerault.fr\/index.php\/wp-json\/wp\/v2\/pages"}],"about":[{"href":"https:\/\/www.photos.lerault.fr\/index.php\/wp-json\/wp\/v2\/types\/page"}],"author":[{"embeddable":true,"href":"https:\/\/www.photos.lerault.fr\/index.php\/wp-json\/wp\/v2\/users\/1"}],"replies":[{"embeddable":true,"href":"https:\/\/www.photos.lerault.fr\/index.php\/wp-json\/wp\/v2\/comments?post=403"}],"version-history":[{"count":2,"href":"https:\/\/www.photos.lerault.fr\/index.php\/wp-json\/wp\/v2\/pages\/403\/revisions"}],"predecessor-version":[{"id":462,"href":"https:\/\/www.photos.lerault.fr\/index.php\/wp-json\/wp\/v2\/pages\/403\/revisions\/462"}],"wp:attachment":[{"href":"https:\/\/www.photos.lerault.fr\/index.php\/wp-json\/wp\/v2\/media?parent=403"}],"curies":[{"name":"wp","href":"https:\/\/api.w.org\/{rel}","templated":true}]}}