{"id":83,"date":"2016-11-02T10:46:16","date_gmt":"2016-11-02T09:46:16","guid":{"rendered":"http:\/\/www.photos.lerault.fr\/?page_id=83"},"modified":"2017-09-04T15:41:27","modified_gmt":"2017-09-04T13:41:27","slug":"a-propos","status":"publish","type":"page","link":"https:\/\/www.photos.lerault.fr\/index.php\/a-propos\/","title":{"rendered":"A propos"},"content":{"rendered":"<div id=\"attachment_92\" style=\"width: 160px\" class=\"wp-caption alignleft\"><img loading=\"lazy\" decoding=\"async\" aria-describedby=\"caption-attachment-92\" class=\"wp-image-92 size-thumbnail\" src=\"https:\/\/www.photos.lerault.fr\/wp-content\/uploads\/2016\/11\/IMG_0004-1-150x150.jpg\" alt=\"img_0004\" width=\"150\" height=\"150\" \/><p id=\"caption-attachment-92\" class=\"wp-caption-text\">Nicolas<\/p><\/div>\n<p>Attir\u00e9 par l&rsquo;image tr\u00e8s t\u00f4t, vers 12 ou 13 ans, mon livret d&rsquo;\u00e9pargne d&rsquo;enfant constitu\u00e9 patiemment de longues ann\u00e9es m&rsquo;a permis de m&rsquo;offrir dans les ann\u00e9es 80 mon premier appareil photo, un reflex Canon AE-1 Program.<br \/>\nQuelle fiert\u00e9 \u00e0 l&rsquo;\u00e9poque, avec cet outil, j&rsquo;ai commenc\u00e9 \u00e0 capturer l&rsquo;environnement ambiant. Mon inscription dans un labo photo m&rsquo;a initi\u00e9 et form\u00e9 aux techniques photo de laboratoire. J&rsquo;ai pass\u00e9 de longues heures \u00e0 d\u00e9velopper, tirer, recadrer, corriger \u00e0 la lueur des filtres inactiniques.<\/p>\n<p>Aujourd&rsquo;hui, la r\u00e9volution num\u00e9rique est pass\u00e9e, emportant la photographie dans son sillage,\u00a0se r\u00e9inventant sans dispara\u00eetre, alors que tant de nouveaux m\u00e9dias auraient pu la faire sombrer dans l&rsquo;oubli. Le ph\u00e9nom\u00e8ne photographique s&rsquo;est d\u00e9mocratis\u00e9, est devenu populaire, et c&rsquo;est tant mieux. Nombreux sont ceux qui s&rsquo;initient \u00e0 la prise d&rsquo;image avec plus ou moins de r\u00e9ussite. J&rsquo;ai embo\u00eet\u00e9 le pas de cette transition num\u00e9rique avec une satisfaction certaine, soulag\u00e9 de ne plus associer\u00a0le bruit du d\u00e9clencheur au co\u00fbt financier non n\u00e9gligeable \u00e0 mes d\u00e9buts et aux longues heures de tirage en labo.<\/p>\n<p>&nbsp;<\/p>\n<p>&nbsp;<\/p>\n","protected":false},"excerpt":{"rendered":"<p>Attir\u00e9 par l&rsquo;image tr\u00e8s t\u00f4t, vers 12 ou 13 ans, mon livret d&rsquo;\u00e9pargne d&rsquo;enfant constitu\u00e9 patiemment de longues ann\u00e9es m&rsquo;a permis de m&rsquo;offrir dans les ann\u00e9es 80 mon premier appareil photo, un reflex Canon AE-1 Program. Quelle fiert\u00e9 \u00e0 l&rsquo;\u00e9poque, avec cet outil, j&rsquo;ai commenc\u00e9 \u00e0 capturer l&rsquo;environnement ambiant. Mon inscription dans un labo photo [&hellip;]<\/p>\n","protected":false},"author":1,"featured_media":0,"parent":0,"menu_order":0,"comment_status":"closed","ping_status":"closed","template":"","meta":{"footnotes":""},"class_list":["post-83","page","type-page","status-publish","hentry"],"_links":{"self":[{"href":"https:\/\/www.photos.lerault.fr\/index.php\/wp-json\/wp\/v2\/pages\/83","targetHints":{"allow":["GET"]}}],"collection":[{"href":"https:\/\/www.photos.lerault.fr\/index.php\/wp-json\/wp\/v2\/pages"}],"about":[{"href":"https:\/\/www.photos.lerault.fr\/index.php\/wp-json\/wp\/v2\/types\/page"}],"author":[{"embeddable":true,"href":"https:\/\/www.photos.lerault.fr\/index.php\/wp-json\/wp\/v2\/users\/1"}],"replies":[{"embeddable":true,"href":"https:\/\/www.photos.lerault.fr\/index.php\/wp-json\/wp\/v2\/comments?post=83"}],"version-history":[{"count":10,"href":"https:\/\/www.photos.lerault.fr\/index.php\/wp-json\/wp\/v2\/pages\/83\/revisions"}],"predecessor-version":[{"id":435,"href":"https:\/\/www.photos.lerault.fr\/index.php\/wp-json\/wp\/v2\/pages\/83\/revisions\/435"}],"wp:attachment":[{"href":"https:\/\/www.photos.lerault.fr\/index.php\/wp-json\/wp\/v2\/media?parent=83"}],"curies":[{"name":"wp","href":"https:\/\/api.w.org\/{rel}","templated":true}]}}